{"id":4823,"date":"2023-02-23T21:16:54","date_gmt":"2023-02-23T18:16:54","guid":{"rendered":"https:\/\/aykutminder.com\/?page_id=4823"},"modified":"2025-01-15T16:41:42","modified_gmt":"2025-01-15T13:41:42","slug":"fitilli-sezlong-minderi","status":"publish","type":"page","link":"https:\/\/aykutminder.com\/index.php\/fitilli-sezlong-minderi\/","title":{"rendered":"Fitilli \u015eezlong ve Sedir Minderi"},"content":{"rendered":"<figure class=\"wp-block-gallery has-nested-images columns-default is-cropped wp-block-gallery-1 is-layout-flex wp-block-gallery-is-layout-flex\"><figure class=\"wp-block-image size-large\"><a href=\"https:\/\/aykutminder.com\/wp-content\/uploads\/2023\/02\/WhatsApp-Image-2023-02-23-at-21.07.43-1.jpeg\"><img loading=\"lazy\" decoding=\"async\" width=\"1024\" height=\"1024\" data-id=\"4997\" src=\"https:\/\/aykutminder.com\/wp-content\/uploads\/2023\/02\/WhatsApp-Image-2023-02-23-at-21.07.43-1-1024x1024.jpeg\" alt=\"\" class=\"wp-image-4997\" srcset=\"https:\/\/aykutminder.com\/wp-content\/uploads\/2023\/02\/WhatsApp-Image-2023-02-23-at-21.07.43-1-1024x1024.jpeg 1024w, https:\/\/aykutminder.com\/wp-content\/uploads\/2023\/02\/WhatsApp-Image-2023-02-23-at-21.07.43-1-300x300.jpeg 300w, https:\/\/aykutminder.com\/wp-content\/uploads\/2023\/02\/WhatsApp-Image-2023-02-23-at-21.07.43-1-150x150.jpeg 150w, https:\/\/aykutminder.com\/wp-content\/uploads\/2023\/02\/WhatsApp-Image-2023-02-23-at-21.07.43-1-768x768.jpeg 768w, https:\/\/aykutminder.com\/wp-content\/uploads\/2023\/02\/WhatsApp-Image-2023-02-23-at-21.07.43-1-1536x1536.jpeg 1536w, https:\/\/aykutminder.com\/wp-content\/uploads\/2023\/02\/WhatsApp-Image-2023-02-23-at-21.07.43-1-600x600.jpeg 600w, https:\/\/aykutminder.com\/wp-content\/uploads\/2023\/02\/WhatsApp-Image-2023-02-23-at-21.07.43-1-100x100.jpeg 100w, https:\/\/aykutminder.com\/wp-content\/uploads\/2023\/02\/WhatsApp-Image-2023-02-23-at-21.07.43-1.jpeg 1600w\" sizes=\"auto, (max-width: 1024px) 100vw, 1024px\" \/><\/a><figcaption class=\"wp-element-caption\">Fitilli \u015eezlong Minderi &#8211; FSM-01<\/figcaption><\/figure>\n\n<figure data-wp-context=\"{&quot;imageId&quot;:&quot;69e269498fd02&quot;}\" data-wp-interactive=\"core\/image\" class=\"wp-block-image size-large wp-lightbox-container\"><img loading=\"lazy\" decoding=\"async\" width=\"1024\" height=\"769\" data-wp-class--hide=\"state.isContentHidden\" data-wp-class--show=\"state.isContentVisible\" data-wp-init=\"callbacks.setButtonStyles\" data-wp-on-async--click=\"actions.showLightbox\" data-wp-on-async--load=\"callbacks.setButtonStyles\" data-wp-on-async-window--resize=\"callbacks.setButtonStyles\" data-id=\"4998\" src=\"https:\/\/aykutminder.com\/wp-content\/uploads\/2023\/02\/WhatsApp-Image-2023-02-23-at-21.07.43-1024x769.jpeg\" alt=\"\" class=\"wp-image-4998\" srcset=\"https:\/\/aykutminder.com\/wp-content\/uploads\/2023\/02\/WhatsApp-Image-2023-02-23-at-21.07.43-1024x769.jpeg 1024w, https:\/\/aykutminder.com\/wp-content\/uploads\/2023\/02\/WhatsApp-Image-2023-02-23-at-21.07.43-300x225.jpeg 300w, https:\/\/aykutminder.com\/wp-content\/uploads\/2023\/02\/WhatsApp-Image-2023-02-23-at-21.07.43-768x577.jpeg 768w, https:\/\/aykutminder.com\/wp-content\/uploads\/2023\/02\/WhatsApp-Image-2023-02-23-at-21.07.43-1536x1154.jpeg 1536w, https:\/\/aykutminder.com\/wp-content\/uploads\/2023\/02\/WhatsApp-Image-2023-02-23-at-21.07.43-600x451.jpeg 600w, https:\/\/aykutminder.com\/wp-content\/uploads\/2023\/02\/WhatsApp-Image-2023-02-23-at-21.07.43.jpeg 1600w\" sizes=\"auto, (max-width: 1024px) 100vw, 1024px\" \/><button\n\t\t\tclass=\"lightbox-trigger\"\n\t\t\ttype=\"button\"\n\t\t\taria-haspopup=\"dialog\"\n\t\t\taria-label=\"G\u00f6rseli b\u00fcy\u00fct\"\n\t\t\tdata-wp-init=\"callbacks.initTriggerButton\"\n\t\t\tdata-wp-on-async--click=\"actions.showLightbox\"\n\t\t\tdata-wp-style--right=\"state.imageButtonRight\"\n\t\t\tdata-wp-style--top=\"state.imageButtonTop\"\n\t\t>\n\t\t\t<svg xmlns=\"http:\/\/www.w3.org\/2000\/svg\" width=\"12\" height=\"12\" fill=\"none\" viewBox=\"0 0 12 12\">\n\t\t\t\t<path fill=\"#fff\" d=\"M2 0a2 2 0 0 0-2 2v2h1.5V2a.5.5 0 0 1 .5-.5h2V0H2Zm2 10.5H2a.5.5 0 0 1-.5-.5V8H0v2a2 2 0 0 0 2 2h2v-1.5ZM8 12v-1.5h2a.5.5 0 0 0 .5-.5V8H12v2a2 2 0 0 1-2 2H8Zm2-12a2 2 0 0 1 2 2v2h-1.5V2a.5.5 0 0 0-.5-.5H8V0h2Z\" \/>\n\t\t\t<\/svg>\n\t\t<\/button><figcaption class=\"wp-element-caption\">Fitilli ve Yast\u0131kl\u0131 \u015eezlong Minderi &#8211; FSM-02<\/figcaption><\/figure>\n\n<figure class=\"wp-block-image size-large\"><a href=\"https:\/\/aykutminder.com\/wp-content\/uploads\/2023\/02\/WhatsApp-Image-2020-06-29-at-10.56.43-3.jpeg\"><img loading=\"lazy\" decoding=\"async\" width=\"1024\" height=\"769\" data-id=\"4999\" src=\"https:\/\/aykutminder.com\/wp-content\/uploads\/2023\/02\/WhatsApp-Image-2020-06-29-at-10.56.43-3-1024x769.jpeg\" alt=\"\" class=\"wp-image-4999\" srcset=\"https:\/\/aykutminder.com\/wp-content\/uploads\/2023\/02\/WhatsApp-Image-2020-06-29-at-10.56.43-3-1024x769.jpeg 1024w, https:\/\/aykutminder.com\/wp-content\/uploads\/2023\/02\/WhatsApp-Image-2020-06-29-at-10.56.43-3-300x225.jpeg 300w, https:\/\/aykutminder.com\/wp-content\/uploads\/2023\/02\/WhatsApp-Image-2020-06-29-at-10.56.43-3-768x577.jpeg 768w, https:\/\/aykutminder.com\/wp-content\/uploads\/2023\/02\/WhatsApp-Image-2020-06-29-at-10.56.43-3-1536x1154.jpeg 1536w, https:\/\/aykutminder.com\/wp-content\/uploads\/2023\/02\/WhatsApp-Image-2020-06-29-at-10.56.43-3-600x451.jpeg 600w, https:\/\/aykutminder.com\/wp-content\/uploads\/2023\/02\/WhatsApp-Image-2020-06-29-at-10.56.43-3.jpeg 1600w\" sizes=\"auto, (max-width: 1024px) 100vw, 1024px\" \/><\/a><figcaption class=\"wp-element-caption\">Fitilli \u015eezlong Minderi &#8211; FSM-03<\/figcaption><\/figure>\n\n<figure class=\"wp-block-image size-large\"><a href=\"https:\/\/aykutminder.com\/wp-content\/uploads\/2023\/02\/WhatsApp-Image-2020-06-29-at-10.56.44-2.jpeg\"><img loading=\"lazy\" decoding=\"async\" width=\"1024\" height=\"768\" data-id=\"5000\" src=\"https:\/\/aykutminder.com\/wp-content\/uploads\/2023\/02\/WhatsApp-Image-2020-06-29-at-10.56.44-2-1024x768.jpeg\" alt=\"\" class=\"wp-image-5000\" srcset=\"https:\/\/aykutminder.com\/wp-content\/uploads\/2023\/02\/WhatsApp-Image-2020-06-29-at-10.56.44-2-1024x768.jpeg 1024w, https:\/\/aykutminder.com\/wp-content\/uploads\/2023\/02\/WhatsApp-Image-2020-06-29-at-10.56.44-2-300x225.jpeg 300w, https:\/\/aykutminder.com\/wp-content\/uploads\/2023\/02\/WhatsApp-Image-2020-06-29-at-10.56.44-2-768x576.jpeg 768w, https:\/\/aykutminder.com\/wp-content\/uploads\/2023\/02\/WhatsApp-Image-2020-06-29-at-10.56.44-2-1536x1152.jpeg 1536w, https:\/\/aykutminder.com\/wp-content\/uploads\/2023\/02\/WhatsApp-Image-2020-06-29-at-10.56.44-2-600x450.jpeg 600w, https:\/\/aykutminder.com\/wp-content\/uploads\/2023\/02\/WhatsApp-Image-2020-06-29-at-10.56.44-2.jpeg 1600w\" sizes=\"auto, (max-width: 1024px) 100vw, 1024px\" \/><\/a><figcaption class=\"wp-element-caption\">Fitilli \u015eezlong Minderi &#8211; FSM-04<\/figcaption><\/figure>\n\n<figure class=\"wp-block-image size-large\"><a href=\"https:\/\/aykutminder.com\/wp-content\/uploads\/2023\/02\/WhatsApp-Image-2020-06-29-at-10.56.29.jpeg\"><img loading=\"lazy\" decoding=\"async\" width=\"1024\" height=\"1024\" data-id=\"5001\" src=\"https:\/\/aykutminder.com\/wp-content\/uploads\/2023\/02\/WhatsApp-Image-2020-06-29-at-10.56.29-1024x1024.jpeg\" alt=\"\" class=\"wp-image-5001\" srcset=\"https:\/\/aykutminder.com\/wp-content\/uploads\/2023\/02\/WhatsApp-Image-2020-06-29-at-10.56.29-1024x1024.jpeg 1024w, https:\/\/aykutminder.com\/wp-content\/uploads\/2023\/02\/WhatsApp-Image-2020-06-29-at-10.56.29-300x300.jpeg 300w, https:\/\/aykutminder.com\/wp-content\/uploads\/2023\/02\/WhatsApp-Image-2020-06-29-at-10.56.29-150x150.jpeg 150w, https:\/\/aykutminder.com\/wp-content\/uploads\/2023\/02\/WhatsApp-Image-2020-06-29-at-10.56.29-768x768.jpeg 768w, https:\/\/aykutminder.com\/wp-content\/uploads\/2023\/02\/WhatsApp-Image-2020-06-29-at-10.56.29-600x600.jpeg 600w, https:\/\/aykutminder.com\/wp-content\/uploads\/2023\/02\/WhatsApp-Image-2020-06-29-at-10.56.29-100x100.jpeg 100w, https:\/\/aykutminder.com\/wp-content\/uploads\/2023\/02\/WhatsApp-Image-2020-06-29-at-10.56.29.jpeg 1200w\" sizes=\"auto, (max-width: 1024px) 100vw, 1024px\" \/><\/a><figcaption class=\"wp-element-caption\">Fitilli Nak\u0131\u015f Logolu \u015eezlong Minderi &#8211; FSM-05<\/figcaption><\/figure>\n\n<figure class=\"wp-block-image size-large\"><a href=\"https:\/\/aykutminder.com\/wp-content\/uploads\/2023\/02\/62f4d147b1937fd1ff34ee335c5d4b2a-600x9000-1.jpg\"><img loading=\"lazy\" decoding=\"async\" width=\"574\" height=\"1024\" data-id=\"5004\" src=\"https:\/\/aykutminder.com\/wp-content\/uploads\/2023\/02\/62f4d147b1937fd1ff34ee335c5d4b2a-600x9000-1-574x1024.jpg\" alt=\"\" class=\"wp-image-5004\" srcset=\"https:\/\/aykutminder.com\/wp-content\/uploads\/2023\/02\/62f4d147b1937fd1ff34ee335c5d4b2a-600x9000-1-574x1024.jpg 574w, https:\/\/aykutminder.com\/wp-content\/uploads\/2023\/02\/62f4d147b1937fd1ff34ee335c5d4b2a-600x9000-1-168x300.jpg 168w, https:\/\/aykutminder.com\/wp-content\/uploads\/2023\/02\/62f4d147b1937fd1ff34ee335c5d4b2a-600x9000-1.jpg 600w\" sizes=\"auto, (max-width: 574px) 100vw, 574px\" \/><\/a><figcaption class=\"wp-element-caption\">Fitilli \u015eezlong Minderi &#8211; FSM-06<\/figcaption><\/figure>\n\n<figure class=\"wp-block-image size-large\"><a href=\"https:\/\/aykutminder.com\/wp-content\/uploads\/2023\/02\/FT-209-900x900-1.jpg\"><img loading=\"lazy\" decoding=\"async\" width=\"900\" height=\"900\" data-id=\"5003\" src=\"https:\/\/aykutminder.com\/wp-content\/uploads\/2023\/02\/FT-209-900x900-1.jpg\" alt=\"\" class=\"wp-image-5003\" srcset=\"https:\/\/aykutminder.com\/wp-content\/uploads\/2023\/02\/FT-209-900x900-1.jpg 900w, https:\/\/aykutminder.com\/wp-content\/uploads\/2023\/02\/FT-209-900x900-1-300x300.jpg 300w, https:\/\/aykutminder.com\/wp-content\/uploads\/2023\/02\/FT-209-900x900-1-150x150.jpg 150w, https:\/\/aykutminder.com\/wp-content\/uploads\/2023\/02\/FT-209-900x900-1-768x768.jpg 768w, https:\/\/aykutminder.com\/wp-content\/uploads\/2023\/02\/FT-209-900x900-1-600x600.jpg 600w, https:\/\/aykutminder.com\/wp-content\/uploads\/2023\/02\/FT-209-900x900-1-100x100.jpg 100w\" sizes=\"auto, (max-width: 900px) 100vw, 900px\" \/><\/a><figcaption class=\"wp-element-caption\">Fitilli Nak\u0131\u015f Logolu \u015eezlong Minderi &#8211; FSM-07<\/figcaption><\/figure>\n\n<figure class=\"wp-block-image size-large\"><a href=\"https:\/\/aykutminder.com\/wp-content\/uploads\/2023\/02\/WhatsApp-Image-2023-02-27-at-21.45.56.jpeg\"><img loading=\"lazy\" decoding=\"async\" width=\"1024\" height=\"769\" data-id=\"5077\" src=\"https:\/\/aykutminder.com\/wp-content\/uploads\/2023\/02\/WhatsApp-Image-2023-02-27-at-21.45.56-1024x769.jpeg\" alt=\"\" class=\"wp-image-5077\" srcset=\"https:\/\/aykutminder.com\/wp-content\/uploads\/2023\/02\/WhatsApp-Image-2023-02-27-at-21.45.56-1024x769.jpeg 1024w, https:\/\/aykutminder.com\/wp-content\/uploads\/2023\/02\/WhatsApp-Image-2023-02-27-at-21.45.56-300x225.jpeg 300w, https:\/\/aykutminder.com\/wp-content\/uploads\/2023\/02\/WhatsApp-Image-2023-02-27-at-21.45.56-768x577.jpeg 768w, https:\/\/aykutminder.com\/wp-content\/uploads\/2023\/02\/WhatsApp-Image-2023-02-27-at-21.45.56-1536x1154.jpeg 1536w, https:\/\/aykutminder.com\/wp-content\/uploads\/2023\/02\/WhatsApp-Image-2023-02-27-at-21.45.56-600x451.jpeg 600w, https:\/\/aykutminder.com\/wp-content\/uploads\/2023\/02\/WhatsApp-Image-2023-02-27-at-21.45.56.jpeg 1600w\" sizes=\"auto, (max-width: 1024px) 100vw, 1024px\" \/><\/a><figcaption class=\"wp-element-caption\">Fitilli Sedir Minderi &#8211; FSM-08<\/figcaption><\/figure>\n\n<figure class=\"wp-block-image size-large\"><a href=\"https:\/\/aykutminder.com\/wp-content\/uploads\/2023\/02\/WhatsApp-Image-2023-02-27-at-21.45.56-4.jpeg\"><img loading=\"lazy\" decoding=\"async\" width=\"1024\" height=\"769\" data-id=\"5078\" src=\"https:\/\/aykutminder.com\/wp-content\/uploads\/2023\/02\/WhatsApp-Image-2023-02-27-at-21.45.56-4-1024x769.jpeg\" alt=\"\" class=\"wp-image-5078\" srcset=\"https:\/\/aykutminder.com\/wp-content\/uploads\/2023\/02\/WhatsApp-Image-2023-02-27-at-21.45.56-4-1024x769.jpeg 1024w, https:\/\/aykutminder.com\/wp-content\/uploads\/2023\/02\/WhatsApp-Image-2023-02-27-at-21.45.56-4-300x225.jpeg 300w, https:\/\/aykutminder.com\/wp-content\/uploads\/2023\/02\/WhatsApp-Image-2023-02-27-at-21.45.56-4-768x577.jpeg 768w, https:\/\/aykutminder.com\/wp-content\/uploads\/2023\/02\/WhatsApp-Image-2023-02-27-at-21.45.56-4-1536x1154.jpeg 1536w, https:\/\/aykutminder.com\/wp-content\/uploads\/2023\/02\/WhatsApp-Image-2023-02-27-at-21.45.56-4-600x451.jpeg 600w, https:\/\/aykutminder.com\/wp-content\/uploads\/2023\/02\/WhatsApp-Image-2023-02-27-at-21.45.56-4.jpeg 1600w\" sizes=\"auto, (max-width: 1024px) 100vw, 1024px\" \/><\/a><figcaption class=\"wp-element-caption\">Fitilli Sedir Minderi &#8211; FSM-09<\/figcaption><\/figure>\n\n<figure class=\"wp-block-image size-large\"><a href=\"https:\/\/aykutminder.com\/wp-content\/uploads\/2023\/02\/WhatsApp-Image-2023-02-27-at-21.45.56-1.jpeg\"><img loading=\"lazy\" decoding=\"async\" width=\"1024\" height=\"768\" data-id=\"5079\" src=\"https:\/\/aykutminder.com\/wp-content\/uploads\/2023\/02\/WhatsApp-Image-2023-02-27-at-21.45.56-1-1024x768.jpeg\" alt=\"\" class=\"wp-image-5079\" srcset=\"https:\/\/aykutminder.com\/wp-content\/uploads\/2023\/02\/WhatsApp-Image-2023-02-27-at-21.45.56-1-1024x768.jpeg 1024w, https:\/\/aykutminder.com\/wp-content\/uploads\/2023\/02\/WhatsApp-Image-2023-02-27-at-21.45.56-1-300x225.jpeg 300w, https:\/\/aykutminder.com\/wp-content\/uploads\/2023\/02\/WhatsApp-Image-2023-02-27-at-21.45.56-1-768x576.jpeg 768w, https:\/\/aykutminder.com\/wp-content\/uploads\/2023\/02\/WhatsApp-Image-2023-02-27-at-21.45.56-1-1536x1152.jpeg 1536w, https:\/\/aykutminder.com\/wp-content\/uploads\/2023\/02\/WhatsApp-Image-2023-02-27-at-21.45.56-1-600x450.jpeg 600w, https:\/\/aykutminder.com\/wp-content\/uploads\/2023\/02\/WhatsApp-Image-2023-02-27-at-21.45.56-1.jpeg 1600w\" sizes=\"auto, (max-width: 1024px) 100vw, 1024px\" \/><\/a><figcaption class=\"wp-element-caption\">Fitilli Sedir Minderi &#8211; FSM-10<\/figcaption><\/figure>\n\n<figure class=\"wp-block-image size-large\"><a href=\"https:\/\/aykutminder.com\/wp-content\/uploads\/2023\/02\/WhatsApp-Image-2023-02-27-at-21.45.56-2.jpeg\"><img loading=\"lazy\" decoding=\"async\" width=\"1024\" height=\"768\" data-id=\"5080\" src=\"https:\/\/aykutminder.com\/wp-content\/uploads\/2023\/02\/WhatsApp-Image-2023-02-27-at-21.45.56-2-1024x768.jpeg\" alt=\"\" class=\"wp-image-5080\" srcset=\"https:\/\/aykutminder.com\/wp-content\/uploads\/2023\/02\/WhatsApp-Image-2023-02-27-at-21.45.56-2-1024x768.jpeg 1024w, https:\/\/aykutminder.com\/wp-content\/uploads\/2023\/02\/WhatsApp-Image-2023-02-27-at-21.45.56-2-300x225.jpeg 300w, https:\/\/aykutminder.com\/wp-content\/uploads\/2023\/02\/WhatsApp-Image-2023-02-27-at-21.45.56-2-768x576.jpeg 768w, https:\/\/aykutminder.com\/wp-content\/uploads\/2023\/02\/WhatsApp-Image-2023-02-27-at-21.45.56-2-1536x1152.jpeg 1536w, https:\/\/aykutminder.com\/wp-content\/uploads\/2023\/02\/WhatsApp-Image-2023-02-27-at-21.45.56-2-600x450.jpeg 600w, https:\/\/aykutminder.com\/wp-content\/uploads\/2023\/02\/WhatsApp-Image-2023-02-27-at-21.45.56-2.jpeg 1600w\" sizes=\"auto, (max-width: 1024px) 100vw, 1024px\" \/><\/a><figcaption class=\"wp-element-caption\">Fitilli Sedir Minderi &#8211; FSM-11<\/figcaption><\/figure>\n\n<figure class=\"wp-block-image size-large\"><a href=\"https:\/\/aykutminder.com\/wp-content\/uploads\/2023\/02\/WhatsApp-Image-2023-02-27-at-21.45.56-3.jpeg\"><img loading=\"lazy\" decoding=\"async\" width=\"1024\" height=\"768\" data-id=\"5081\" src=\"https:\/\/aykutminder.com\/wp-content\/uploads\/2023\/02\/WhatsApp-Image-2023-02-27-at-21.45.56-3-1024x768.jpeg\" alt=\"\" class=\"wp-image-5081\" srcset=\"https:\/\/aykutminder.com\/wp-content\/uploads\/2023\/02\/WhatsApp-Image-2023-02-27-at-21.45.56-3-1024x768.jpeg 1024w, https:\/\/aykutminder.com\/wp-content\/uploads\/2023\/02\/WhatsApp-Image-2023-02-27-at-21.45.56-3-300x225.jpeg 300w, https:\/\/aykutminder.com\/wp-content\/uploads\/2023\/02\/WhatsApp-Image-2023-02-27-at-21.45.56-3-768x576.jpeg 768w, https:\/\/aykutminder.com\/wp-content\/uploads\/2023\/02\/WhatsApp-Image-2023-02-27-at-21.45.56-3-1536x1152.jpeg 1536w, https:\/\/aykutminder.com\/wp-content\/uploads\/2023\/02\/WhatsApp-Image-2023-02-27-at-21.45.56-3-600x450.jpeg 600w, https:\/\/aykutminder.com\/wp-content\/uploads\/2023\/02\/WhatsApp-Image-2023-02-27-at-21.45.56-3.jpeg 1600w\" sizes=\"auto, (max-width: 1024px) 100vw, 1024px\" \/><\/a><figcaption class=\"wp-element-caption\">Fitilli Sedir Minderi &#8211; FSM-12<\/figcaption><\/figure><\/figure>","protected":false},"excerpt":{"rendered":"","protected":false},"author":1,"featured_media":0,"parent":0,"menu_order":0,"comment_status":"closed","ping_status":"closed","template":"","meta":{"_uag_custom_page_level_css":"","site-sidebar-layout":"default","site-content-layout":"default","ast-global-header-display":"","ast-main-header-display":"","ast-hfb-above-header-display":"","ast-hfb-below-header-display":"","ast-hfb-mobile-header-display":"","site-post-title":"","ast-breadcrumbs-content":"","ast-featured-img":"","footer-sml-layout":"","theme-transparent-header-meta":"","adv-header-id-meta":"","stick-header-meta":"","header-above-stick-meta":"","header-main-stick-meta":"","header-below-stick-meta":"","footnotes":""},"class_list":["post-4823","page","type-page","status-publish","hentry"],"uagb_featured_image_src":{"full":false,"thumbnail":false,"medium":false,"medium_large":false,"large":false,"1536x1536":false,"2048x2048":false,"woocommerce_thumbnail":false,"woocommerce_single":false,"woocommerce_gallery_thumbnail":false},"uagb_author_info":{"display_name":"aykutminder","author_link":"https:\/\/aykutminder.com\/author\/aykutminder\/"},"uagb_comment_info":0,"uagb_excerpt":null,"_links":{"self":[{"href":"https:\/\/aykutminder.com\/index.php\/wp-json\/wp\/v2\/pages\/4823","targetHints":{"allow":["GET"]}}],"collection":[{"href":"https:\/\/aykutminder.com\/index.php\/wp-json\/wp\/v2\/pages"}],"about":[{"href":"https:\/\/aykutminder.com\/index.php\/wp-json\/wp\/v2\/types\/page"}],"author":[{"embeddable":true,"href":"https:\/\/aykutminder.com\/index.php\/wp-json\/wp\/v2\/users\/1"}],"replies":[{"embeddable":true,"href":"https:\/\/aykutminder.com\/index.php\/wp-json\/wp\/v2\/comments?post=4823"}],"version-history":[{"count":5,"href":"https:\/\/aykutminder.com\/index.php\/wp-json\/wp\/v2\/pages\/4823\/revisions"}],"predecessor-version":[{"id":5205,"href":"https:\/\/aykutminder.com\/index.php\/wp-json\/wp\/v2\/pages\/4823\/revisions\/5205"}],"wp:attachment":[{"href":"https:\/\/aykutminder.com\/index.php\/wp-json\/wp\/v2\/media?parent=4823"}],"curies":[{"name":"wp","href":"https:\/\/api.w.org\/{rel}","templated":true}]}}