{"id":4741,"date":"2021-05-18T12:59:18","date_gmt":"2021-05-18T09:59:18","guid":{"rendered":"https:\/\/aykutminder.com\/index.php\/contact\/"},"modified":"2024-12-20T13:33:33","modified_gmt":"2024-12-20T10:33:33","slug":"iletisim","status":"publish","type":"page","link":"https:\/\/aykutminder.com\/index.php\/iletisim\/","title":{"rendered":"\u0130leti\u015fim"},"content":{"rendered":"<div class=\"wp-block-uagb-container uagb-block-7e24bd8c alignfull uagb-is-root-container\"><div class=\"uagb-container-inner-blocks-wrap\"><div class=\"wp-block-uagb-container uagb-block-11914b9f\"><div class=\"wp-block-uagb-advanced-heading uagb-block-bdff9c1a\"><h1 class=\"uagb-heading-text\">Bize Ula\u015f\u0131n<\/h1><p class=\"uagb-desc-text\">Sipari\u015f vermek veya bilgi almak i\u00e7in 7\/24 ula\u015fabilirsiniz.<\/p><\/div>\n\n<div class=\"wp-block-uagb-info-box uagb-block-b47d6745 uagb-infobox__content-wrap  uagb-infobox-icon-left uagb-infobox-left uagb-infobox-image-valign-top\"><div class=\"uagb-ifb-icon-wrap\"><svg xmlns=\"https:\/\/www.w3.org\/2000\/svg\" viewBox=\"0 0 384 512\"><path d=\"M168.3 499.2C116.1 435 0 279.4 0 192C0 85.96 85.96 0 192 0C298 0 384 85.96 384 192C384 279.4 267 435 215.7 499.2C203.4 514.5 180.6 514.5 168.3 499.2H168.3zM192 256C227.3 256 256 227.3 256 192C256 156.7 227.3 128 192 128C156.7 128 128 156.7 128 192C128 227.3 156.7 256 192 256z\"><\/path><\/svg><\/div><div class=\"uagb-ifb-content\"><div class=\"uagb-ifb-title-wrap\"><h6 class=\"uagb-ifb-title\">Adres<\/h6><\/div><p class=\"uagb-ifb-desc\">Kemer\u00e7e\u015fme mh. 14. \u015een Sokak No:102 Osmangazi\/Bursa<\/p><\/div><\/div>\n\n<div class=\"wp-block-uagb-info-box uagb-block-efdb827b uagb-infobox__content-wrap  uagb-infobox-icon-left uagb-infobox-left uagb-infobox-image-valign-top\"><div class=\"uagb-ifb-icon-wrap\"><svg xmlns=\"https:\/\/www.w3.org\/2000\/svg\" viewBox=\"0 0 512 512\"><path d=\"M18.92 351.2l108.5-46.52c12.78-5.531 27.77-1.801 36.45 8.98l44.09 53.82c69.25-34 125.5-90.31 159.5-159.5l-53.81-44.04c-10.75-8.781-14.41-23.69-8.974-36.47l46.51-108.5c6.094-13.91 21.1-21.52 35.79-18.11l100.8 23.25c14.25 3.25 24.22 15.8 24.22 30.46c0 252.3-205.2 457.5-457.5 457.5c-14.67 0-27.18-9.968-30.45-24.22l-23.25-100.8C-2.571 372.4 5.018 357.2 18.92 351.2z\"><\/path><\/svg><\/div><div class=\"uagb-ifb-content\"><div class=\"uagb-ifb-title-wrap\"><h6 class=\"uagb-ifb-title\">Telefon Numaralar\u0131<\/h6><\/div><p class=\"uagb-ifb-desc\">0224 273 2918<br>0535 293 7549<\/p><\/div><\/div>\n\n<div class=\"wp-block-uagb-info-box uagb-block-908cd0dd uagb-infobox__content-wrap  uagb-infobox-icon-left uagb-infobox-left uagb-infobox-image-valign-top\"><div class=\"uagb-ifb-icon-wrap\"><svg xmlns=\"https:\/\/www.w3.org\/2000\/svg\" viewBox=\"0 0 512 512\"><path d=\"M464 64C490.5 64 512 85.49 512 112C512 127.1 504.9 141.3 492.8 150.4L275.2 313.6C263.8 322.1 248.2 322.1 236.8 313.6L19.2 150.4C7.113 141.3 0 127.1 0 112C0 85.49 21.49 64 48 64H464zM217.6 339.2C240.4 356.3 271.6 356.3 294.4 339.2L512 176V384C512 419.3 483.3 448 448 448H64C28.65 448 0 419.3 0 384V176L217.6 339.2z\"><\/path><\/svg><\/div><div class=\"uagb-ifb-content\"><div class=\"uagb-ifb-title-wrap\"><h6 class=\"uagb-ifb-title\">E-mail<\/h6><\/div><p class=\"uagb-ifb-desc\">info@aykutminder.com<\/p><\/div><\/div><\/div>\n\n<div class=\"wp-block-uagb-forms uagb-forms__outer-wrap uagb-block-a5af9d6b uagb-forms__medium-btn\"><form class=\"uagb-forms-main-form\" method=\"post\" autocomplete=\"on\" name=\"uagb-form-a5af9d6b\"><div class=\"wp-block-uagb-forms-name uagb-forms-name-wrap uagb-forms-field-set uagb-block-13e87a37\"><div class=\"uagb-forms-name-label required uagb-forms-input-label\" id=\"13e87a37\">Ad\u0131n\u0131z<\/div><input type=\"text\" placeholder=\"\u0130sim\" required class=\"uagb-forms-name-input uagb-forms-input\" name=\"13e87a37\" autocomplete=\"given-name\"\/><\/div>\n\n<div class=\"wp-block-uagb-forms-name uagb-forms-name-wrap uagb-forms-field-set uagb-block-6013032e\"><div class=\"uagb-forms-name-label required uagb-forms-input-label\" id=\"6013032e\">Soyad\u0131n\u0131z<\/div><input type=\"text\" placeholder=\"Soyisim\" required class=\"uagb-forms-name-input uagb-forms-input\" name=\"6013032e\" autocomplete=\"family-name\"\/><\/div>\n\n<div class=\"wp-block-uagb-forms-email uagb-forms-email-wrap uagb-forms-field-set uagb-block-0d15951b\"><div class=\"uagb-forms-email-label  uagb-forms-input-label\" id=\"0d15951b\">Email<\/div><input type=\"email\" class=\"uagb-forms-email-input uagb-forms-input\" placeholder=\"ornek@mail.com\" name=\"0d15951b\" autocomplete=\"email\"\/><\/div>\n\n<div class=\"wp-block-uagb-forms-textarea uagb-forms-textarea-wrap uagb-forms-field-set uagb-block-c60d00cb\"><div class=\"uagb-forms-textarea-label required uagb-forms-input-label\" id=\"c60d00cb\">Mesaj\u0131n\u0131z<\/div><textarea required class=\"uagb-forms-textarea-input uagb-forms-input\" rows=\"4\" placeholder=\"Nas\u0131l yard\u0131mc\u0131 olabiliriz?\" name=\"c60d00cb\" autocomplete=\"off\"><\/textarea><\/div><div class=\"uagb-forms-form-hidden-data\"><input type=\"hidden\" class=\"uagb_forms_form_label\" value=\"Spectra Form\"\/><input type=\"hidden\" class=\"uagb_forms_form_id\" value=\"uagb-form-a5af9d6b\"\/><\/div><div class=\"uagb-form-reacaptcha-error-a5af9d6b\"><\/div><div class=\"uagb-forms-main-submit-button-wrap wp-block-button\"><button class=\"uagb-forms-main-submit-button wp-block-button__link\"><div class=\"uagb-forms-main-submit-button-text\">G\u00f6nder<\/div><\/button><\/div><\/form><div class=\"uagb-forms-success-message-a5af9d6b uagb-forms-submit-message-hide\"><span>Mesaj\u0131n\u0131z g\u00f6nderildi, k\u0131sa s\u00fcre i\u00e7erisinde d\u00f6n\u00fc\u015f yap\u0131lacakt\u0131r.<\/span><\/div><div class=\"uagb-forms-failed-message-a5af9d6b uagb-forms-submit-message-hide\"><span>L\u00fctfen eksik k\u0131s\u0131mlar\u0131 tamamlay\u0131n.<\/span><\/div><\/div><\/div><\/div><div \n\t\t\tclass=\"wp-block-uagb-google-map uagb-google-map__wrap uagb-block-9597e630     \"\n\t\t\tstyle=\"\" >\n\t\t\t\t<embed\n\t\t\t\t\tclass=\"uagb-google-map__iframe\"\n\t\t\t\t\ttitle=\"Google Map for \"\n\t\t\t\t\tsrc=\"https:\/\/maps.google.com\/maps?q=Aykut%20Minder&#038;z=12&#038;hl=tr&#038;t=m&#038;output=embed&#038;iwloc=near\"\n\t\t\t\t\twidth=\"640\"\n\t\t\t\t\theight=\"300\"\n\t\t\t\t\tloading=\"lazy\"\n\t\t\t\t><\/embed>\n\t\t\t<\/div>","protected":false},"excerpt":{"rendered":"<p>Bize Ula\u015f\u0131n Sipari\u015f vermek veya bilgi almak i\u00e7in 7\/24 ula\u015fabilirsiniz.<\/p>\n","protected":false},"author":1,"featured_media":0,"parent":0,"menu_order":2,"comment_status":"closed","ping_status":"closed","template":"","meta":{"_uag_custom_page_level_css":"","site-sidebar-layout":"no-sidebar","site-content-layout":"plain-container","ast-global-header-display":"","ast-main-header-display":"","ast-hfb-above-header-display":"","ast-hfb-below-header-display":"","ast-hfb-mobile-header-display":"","site-post-title":"disabled","ast-breadcrumbs-content":"","ast-featured-img":"","footer-sml-layout":"","theme-transparent-header-meta":"default","adv-header-id-meta":"","stick-header-meta":"","header-above-stick-meta":"","header-main-stick-meta":"","header-below-stick-meta":"","footnotes":""},"class_list":["post-4741","page","type-page","status-publish","hentry"],"uagb_featured_image_src":{"full":false,"thumbnail":false,"medium":false,"medium_large":false,"large":false,"1536x1536":false,"2048x2048":false,"woocommerce_thumbnail":false,"woocommerce_single":false,"woocommerce_gallery_thumbnail":false},"uagb_author_info":{"display_name":"aykutminder","author_link":"https:\/\/aykutminder.com\/author\/aykutminder\/"},"uagb_comment_info":0,"uagb_excerpt":"Bize Ula\u015f\u0131n Sipari\u015f vermek veya bilgi almak i\u00e7in 7\/24 ula\u015fabilirsiniz.","_links":{"self":[{"href":"https:\/\/aykutminder.com\/index.php\/wp-json\/wp\/v2\/pages\/4741","targetHints":{"allow":["GET"]}}],"collection":[{"href":"https:\/\/aykutminder.com\/index.php\/wp-json\/wp\/v2\/pages"}],"about":[{"href":"https:\/\/aykutminder.com\/index.php\/wp-json\/wp\/v2\/types\/page"}],"author":[{"embeddable":true,"href":"https:\/\/aykutminder.com\/index.php\/wp-json\/wp\/v2\/users\/1"}],"replies":[{"embeddable":true,"href":"https:\/\/aykutminder.com\/index.php\/wp-json\/wp\/v2\/comments?post=4741"}],"version-history":[{"count":13,"href":"https:\/\/aykutminder.com\/index.php\/wp-json\/wp\/v2\/pages\/4741\/revisions"}],"predecessor-version":[{"id":5190,"href":"https:\/\/aykutminder.com\/index.php\/wp-json\/wp\/v2\/pages\/4741\/revisions\/5190"}],"wp:attachment":[{"href":"https:\/\/aykutminder.com\/index.php\/wp-json\/wp\/v2\/media?parent=4741"}],"curies":[{"name":"wp","href":"https:\/\/api.w.org\/{rel}","templated":true}]}}